{"id":6842,"date":"2026-03-03T03:57:21","date_gmt":"2026-03-03T03:57:21","guid":{"rendered":"https:\/\/www.theprovidorestable.com.au\/WPress\/product\/woodbridge-smokehouse-ocean-trout-cold-smoked-premium-100g\/"},"modified":"2026-03-03T04:02:19","modified_gmt":"2026-03-03T04:02:19","slug":"woodbridge-smokehouse-ocean-trout-cold-smoked-premium-100g","status":"publish","type":"product","link":"https:\/\/www.theprovidorestable.com.au\/WPress\/product\/woodbridge-smokehouse-ocean-trout-cold-smoked-premium-100g\/","title":{"rendered":"Woodbridge Smokehouse Ocean Trout COLD Smoked Premium 100g"},"content":{"rendered":"","protected":false},"excerpt":{"rendered":"<p>Premium cold-smoked ocean trout, carefully cured and slow smoked to highlight its naturally buttery texture and delicate sweetness. Light, elegant and beautifully balanced, it shines on canap\u00e9s, blinis with cr\u00e8me fra\u00eeche, fresh sourdough or tossed through lemony pasta. The 100g pack suits personal grazing or small brunch spreads.<\/p>\n","protected":false},"featured_media":6863,"template":"","meta":[],"product_brand":[],"product_cat":[85,57,50,66,95],"product_tag":[],"class_list":{"0":"post-6842","1":"product","2":"type-product","3":"status-publish","4":"has-post-thumbnail","6":"product_cat-fridge","7":"product_cat-new-to-prov-table","8":"product_cat-meat","9":"product_cat-ready-to-eat","10":"product_cat-seafood","11":"product_shipping_class-refrigerated-goods","13":"first","14":"instock","15":"featured","16":"purchasable","17":"product-type-simple"},"jetpack_sharing_enabled":true,"_links":{"self":[{"href":"https:\/\/www.theprovidorestable.com.au\/WPress\/wp-json\/wp\/v2\/product\/6842","targetHints":{"allow":["GET"]}}],"collection":[{"href":"https:\/\/www.theprovidorestable.com.au\/WPress\/wp-json\/wp\/v2\/product"}],"about":[{"href":"https:\/\/www.theprovidorestable.com.au\/WPress\/wp-json\/wp\/v2\/types\/product"}],"wp:featuredmedia":[{"embeddable":true,"href":"https:\/\/www.theprovidorestable.com.au\/WPress\/wp-json\/wp\/v2\/media\/6863"}],"wp:attachment":[{"href":"https:\/\/www.theprovidorestable.com.au\/WPress\/wp-json\/wp\/v2\/media?parent=6842"}],"wp:term":[{"taxonomy":"product_brand","embeddable":true,"href":"https:\/\/www.theprovidorestable.com.au\/WPress\/wp-json\/wp\/v2\/product_brand?post=6842"},{"taxonomy":"product_cat","embeddable":true,"href":"https:\/\/www.theprovidorestable.com.au\/WPress\/wp-json\/wp\/v2\/product_cat?post=6842"},{"taxonomy":"product_tag","embeddable":true,"href":"https:\/\/www.theprovidorestable.com.au\/WPress\/wp-json\/wp\/v2\/product_tag?post=6842"}],"curies":[{"name":"wp","href":"https:\/\/api.w.org\/{rel}","templated":true}]}}